{"id":374,"date":"2025-09-14T13:11:18","date_gmt":"2025-09-14T13:11:18","guid":{"rendered":"https:\/\/volleycorpo.fr\/?page_id=374"},"modified":"2025-10-06T20:57:21","modified_gmt":"2025-10-06T20:57:21","slug":"reglement-marc","status":"publish","type":"page","link":"https:\/\/volleycorpo.fr\/index.php\/reglement-marc\/","title":{"rendered":"R\u00e9glement marc"},"content":{"rendered":"<p>[et_pb_section fb_built=\u00a0\u00bb1&Prime; custom_padding_last_edited=\u00a0\u00bboff|desktop\u00a0\u00bb prev_background_color=\u00a0\u00bb#ffffff\u00a0\u00bb admin_label=\u00a0\u00bbPricing\u00a0\u00bb _builder_version=\u00a0\u00bb4.27.4&Prime; _module_preset=\u00a0\u00bbdefault\u00a0\u00bb background_image=\u00a0\u00bbhttp:\/\/volleycorpo.fr\/wp-content\/uploads\/2025\/09\/pexels-cottonbro-10350694-scaled.jpg\u00a0\u00bb parallax=\u00a0\u00bbon\u00a0\u00bb custom_padding=\u00a0\u00bb||10vw||false|false\u00a0\u00bb custom_padding_tablet=\u00a0\u00bb||100px||false|false\u00a0\u00bb custom_padding_phone=\u00a0\u00bb||60px||false|false\u00a0\u00bb top_divider_style=\u00a0\u00bbclouds2&Prime; bottom_divider_style=\u00a0\u00bbclouds2&Prime; bottom_divider_color=\u00a0\u00bb#000000&Prime; da_disable_devices=\u00a0\u00bboff|off|off\u00a0\u00bb global_colors_info=\u00a0\u00bb{}\u00a0\u00bb da_is_popup=\u00a0\u00bboff\u00a0\u00bb da_exit_intent=\u00a0\u00bboff\u00a0\u00bb da_has_close=\u00a0\u00bbon\u00a0\u00bb da_alt_close=\u00a0\u00bboff\u00a0\u00bb da_dark_close=\u00a0\u00bboff\u00a0\u00bb da_not_modal=\u00a0\u00bbon\u00a0\u00bb da_is_singular=\u00a0\u00bboff\u00a0\u00bb da_with_loader=\u00a0\u00bboff\u00a0\u00bb da_has_shadow=\u00a0\u00bbon\u00a0\u00bb][et_pb_row _builder_version=\u00a0\u00bb4.16&Prime; _module_preset=\u00a0\u00bbdefault\u00a0\u00bb custom_padding=\u00a0\u00bb|1px||||\u00a0\u00bb locked=\u00a0\u00bboff\u00a0\u00bb global_colors_info=\u00a0\u00bb{}\u00a0\u00bb][et_pb_column type=\u00a0\u00bb4_4&Prime; _builder_version=\u00a0\u00bb4.16&Prime; _module_preset=\u00a0\u00bbdefault\u00a0\u00bb global_colors_info=\u00a0\u00bb{}\u00a0\u00bb][et_pb_text _builder_version=\u00a0\u00bb4.27.4&Prime; _module_preset=\u00a0\u00bb77bd6224-541c-4dfa-aa0c-4832456a9557&Prime; header_font=\u00a0\u00bbMontserrat|900|on|on|||||\u00a0\u00bb header_text_align=\u00a0\u00bbcenter\u00a0\u00bb header_text_color=\u00a0\u00bb#F87400&Prime; header_font_size=\u00a0\u00bb6vw\u00a0\u00bb header_letter_spacing=\u00a0\u00bb1px\u00a0\u00bb header_line_height=\u00a0\u00bb0.9em\u00a0\u00bb header_font_size_tablet=\u00a0\u00bb6vw\u00a0\u00bb header_font_size_phone=\u00a0\u00bb6vw\u00a0\u00bb header_font_size_last_edited=\u00a0\u00bbon|tablet\u00a0\u00bb header_text_shadow_style=\u00a0\u00bbpreset2&Prime; header_text_shadow_color=\u00a0\u00bb#000000&Prime; locked=\u00a0\u00bboff\u00a0\u00bb global_colors_info=\u00a0\u00bb{%22gcid-5fba0126-308f-4f42-aa94-6c5d80831bca%22:%91%93}\u00a0\u00bb]<\/p>\n<h1>R\u00e9glement du tournoi<\/h1>\n<p>[\/et_pb_text][\/et_pb_column][\/et_pb_row][et_pb_row use_custom_gutter=\u00a0\u00bbon\u00a0\u00bb gutter_width=\u00a0\u00bb2&Prime; make_equal=\u00a0\u00bbon\u00a0\u00bb custom_padding_last_edited=\u00a0\u00bbon|desktop\u00a0\u00bb _builder_version=\u00a0\u00bb4.27.4&Prime; _module_preset=\u00a0\u00bbdefault\u00a0\u00bb background_color=\u00a0\u00bb#000000&Prime; custom_padding=\u00a0\u00bb50px|50px|50px|50px|true|true\u00a0\u00bb custom_padding_tablet=\u00a0\u00bb40px|30px|40px|30px|true|true\u00a0\u00bb custom_padding_phone=\u00a0\u00bb|20px||20px|true|true\u00a0\u00bb locked=\u00a0\u00bboff\u00a0\u00bb global_colors_info=\u00a0\u00bb{}\u00a0\u00bb][et_pb_column type=\u00a0\u00bb4_4&Prime; _builder_version=\u00a0\u00bb4.16&Prime; _module_preset=\u00a0\u00bbdefault\u00a0\u00bb global_colors_info=\u00a0\u00bb{}\u00a0\u00bb][et_pb_text _builder_version=\u00a0\u00bb4.27.4&Prime; _module_preset=\u00a0\u00bbdefault\u00a0\u00bb text_text_color=\u00a0\u00bb#FFFFFF\u00a0\u00bb text_font_size=\u00a0\u00bb16px\u00a0\u00bb header_text_color=\u00a0\u00bb#FFFFFF\u00a0\u00bb global_colors_info=\u00a0\u00bb{}\u00a0\u00bb]<\/p>\n<p><strong>1 \u2013 Qualification des \u00e9quipes et des joueurs<\/strong><\/p>\n<p>Avant le d\u00e9but du tournoi, chaque \u00e9quipe aura fourni:<\/p>\n<p>\u2022une liste minimale de huit personnes(*) susceptibles de prendre part \u00e0 la comp\u00e9tition (nom, pr\u00e9nom, date et lieu de naissance.<br \/>\u2022une cotisation de 120 euros par ch\u00e8que, \u00e0 l\u2019ordre de \u00ab\u00a0Narbonne Volley Corpo\u00a0\u00bb (inscription de l\u2019\u00e9quipe et assurance responsabilit\u00e9 civile obligatoire des joueurs).<br \/>\u2022une attestation \u00e9crite selon laquelle le responsable d\u2019\u00e9quipe s\u2019engage \u00e0\u00a0<strong>pr\u00e9senter \u00e0 toute requ\u00eate<\/strong>, un certificat m\u00e9dical de non contre-indication \u00e0 la pratique du volley-ball, datant de moins de 1 an, par joueur inscrit, pour la saison sportive consid\u00e9r\u00e9e.<\/p>\n<p>* cette liste pourra, \u00eatre modifi\u00e9e jusqu\u2019au 11\/11 puis seulement compl\u00e9t\u00e9e jusqu\u2019\u00e0 la tr\u00eave de No\u00ebl.<\/p>\n<p><strong>2 \u2013 R\u00e8glement de jeu<\/strong><\/p>\n<p>\u2022Le r\u00e8glement d\u2019arbitrage est celui de la FFVB, avec quelques exceptions :<br \/>\u2013\u00a0\u00a0 \u00a0Le poste de lib\u00e9ro n\u2019existe pas.<br \/>\u2013\u00a0\u00a0 \u00a0Les changements de joueurs ou joueuses sont libres \u00e0 la condition de ne pas \u00eatre au poste1 (service) sur deux rotations cons\u00e9cutives.<br \/>\u2013\u00a0\u00a0 \u00a0Une \u00e9quipe sera consid\u00e9r\u00e9e incompl\u00e8te en de\u00e7\u00e0 de 5 \u00e9l\u00e9ments.<br \/>\u2013\u00a0 \u00a0 Les rencontres se d\u00e9roulent en trois sets jou\u00e9s de 25 (ou 21) points avec 2 points d\u2019\u00e9cart. Chaque set prendra la valeur d\u2019un point de classement.<\/p>\n<p>&#8211;\u00a0 \u00a0 Si une \u00e9quipe r\u00e9alise le grand chelem (et uniquement dans ce cas l\u00e0) elle sera d\u00e9clar\u00e9e de fait vainqueur de son championnat. Si tel n\u2019est pas le cas, sera class\u00e9e premi\u00e8re l\u2019\u00e9quipe ayant remport\u00e9 le plus de sets.<\/p>\n<p>\u2022Avant le d\u00e9but d\u2019un match, les \u00e9quipes doivent \u00eatre en mesure de pr\u00e9senter la liste des joueurs participant \u00e0 la rencontre. Si la demande leur en est faite par l\u2019\u00e9quipe adverse ou par l\u2019arbitre les joueurs ou joueuses devront pr\u00e9senter une pi\u00e8ce d\u2019identit\u00e9. En l\u2019absence de cette derni\u00e8re il ou elle ne sera pas autoris\u00e9(e) \u00e0 participer \u00e0 la rencontre.<\/p>\n<p>\u2022Les r\u00e9clamations ne seront recevables qu\u2019\u00e0 partir du moment o\u00f9 elles auront \u00e9t\u00e9 \u00e9mises avant le d\u00e9but de la partie.<\/p>\n<p>\u2022Une \u00e9quipe ne pourra pr\u00e9senter sur le terrain qu\u2019un maximum de 2 joueurs mineurs. Ces joueurs devront \u00eatre accompagn\u00e9s de leurs parents.<\/p>\n<p>\u2022Pour les licenci\u00e9(e)s FFV, dans chaque \u00e9quipe, aucun(e) joueur(se) de niveau national ne pourra participer. Un(e) seul(e) joueur(se) \u00e9voluant en pr\u00e9-f\u00e9d\u00e9ral sera autoris\u00e9(e). Il n\u2019y a pas de limitation pour les joueurs(ses) \u00e9voluant \u00e0 un niveau f\u00e9d\u00e9ral inf\u00e9rieur. Ceci vaut uniquement pour les gar\u00e7ons dans le championnat masculin et pour les filles dans le championnat f\u00e9minin (une fille quelque soit son niveau peut participer au championnat masculin)<\/p>\n<p>\u2022Un joueur inscrit dans une \u00e9quipe ne pourra disputer des rencontres dans une autre \u00e9quipe (m\u00eame lorsque plusieurs \u00e9quipes portent le m\u00eame nom). Dans ce cas l\u2019\u00e9quipe fautive aura match perdu par p\u00e9nalit\u00e9 (-3 points). Exception faite d&rsquo;une fille pouvant \u00eatre inscrite dans une \u00e9quipe f\u00e9minine et masculine.<\/p>\n<p><strong>3 \u2013 D\u00e9roulement du tournoi<br \/><\/strong><br \/>Chaque \u00e9quipe se verra attribuer un certain nombre de rencontres \u00e0 arbitrer. En cas d\u2019absence de l\u2019arbitre, l\u2019\u00e9quipe sera p\u00e9nalis\u00e9e de 2 points la premi\u00e8re fois, de 3 points la seconde et, sera exclue du tournoi \u00e0 la troisi\u00e8me absence.<\/p>\n<p>a \u2013\u00a0D\u00e9but des rencontres:<\/p>\n<p>L\u2019heure indiqu\u00e9e sur les calendriers\u00a0<strong>(19h30 ou 21h00)<\/strong>\u00a0est celle de\u00a0<strong>d\u00e9but des rencontres.<\/strong>\u00a0Il convient donc d\u2019arriver au gymnase au moins un quart d\u2019heure avant, afin, de pouvoir d\u00e9buter la rencontre \u00e0 l\u2019heure dite.<\/p>\n<p>Toutefois, un battement de dix minutes pourra \u00eatre accord\u00e9, d\u00e9lai au-del\u00e0 duquel l\u2019\u00e9quipe absente ou incompl\u00e8te (minimum 5 joueurs (euses), en tenue de sport) sera d\u00e9clar\u00e9e forfait.<\/p>\n<p>b \u2013\u00a0Fin des rencontres:<\/p>\n<p>Les rencontres devront\u00a0<strong>obligatoirement<\/strong>\u00a0\u00eatre termin\u00e9es \u00e0 l\u2019heure pr\u00e9vue (21h00 ou 22h30). Si la rencontre n\u2019est pas termin\u00e9e, il sera pris en compte, pour le r\u00e9sultat, le score au moment de l\u2019arr\u00eat du match. (Fermeture du gymnase \u00e0 22h45).<\/p>\n<p>c \u2013\u00a0Report de matches:<\/p>\n<p>Devant le manque de cr\u00e9neaux horaires, aucun report de match ne sera accept\u00e9.<\/p>\n<p>En cas de:<\/p>\n<p>\u2013 report \u00ab\u00a0sauvage\u00a0\u00bb,\u00a0<strong>les 2 \u00e9quipes<\/strong>\u00a0auront match perdu (0 point et -3 au set average)<\/p>\n<p>\u2013 match report\u00e9 du fait des organisateurs et non jou\u00e9, il sera proc\u00e9d\u00e9 \u00e0 un partage des points entre chaque \u00e9quipe (1point, 1set).<\/p>\n<p>\u2013 forfait d\u2019une \u00e9quipe, l\u2019\u00e9quipe absente aura match perdu (0 point et -3 sets), l\u2019\u00e9quipe pr\u00e9sente match gagn\u00e9 (3 points et +3 sets).<\/p>\n<p><strong>Au bout de 3 forfaits, l\u2019\u00e9quipe fautive sera exclue du tournoi.\u00a0<\/strong><\/p>\n<p><strong>4 \u2013 R\u00e9sultats<\/strong><\/p>\n<p>Les r\u00e9sultats seront transmis, d\u00e8s le\u00a0<strong>lendemain de la rencontre,<\/strong>\u00a0de pr\u00e9f\u00e9rence par la page \u00ab\u00a0<strong>score.volleycorpo.fr<\/strong>\u00a0\u00bb via votre smartphone ou par email \u00e0 contact@volleycorpo.fr par les deux \u00e9quipes. L\u2019\u00e9quipe qui n\u2019aura pas envoy\u00e9 son r\u00e9sultat, aura match perdu (-1 point)<\/p>\n<p><strong>5 \u2013 R\u00e9unions<\/strong><\/p>\n<p>Une r\u00e9union des responsables aura lieu chaque fois que n\u00e9cessaire et sera obligatoire. Toute absence sera sanctionn\u00e9e par -1 point.<\/p>\n<p>L\u2019absence r\u00e9p\u00e9t\u00e9e entra\u00eenera l\u2019exclusion de l\u2019\u00e9quipe.<\/p>\n<p>&nbsp;<\/p>\n<p><strong>A votre disposition<\/strong><span> : <\/span><\/p>\n<p><span>Une boite aux lettres situ\u00e9e \u00e0 l\u2019entr\u00e9e du Service Municipal des Sports. Le courrier adress\u00e9 \u00e0 : Narbonne Volley Corpo \u2013 Parc des Sports et de l\u2019Amiti\u00e9 \u2013 Avenue Pierre de Coubertin \u2013 11100 \u2013 NARBONNE \u00a0<\/span><\/p>\n<p><span>\u00a0Un site internet : www.volleycorpo.fr \u00a0Une adresse courriel:\u00a0contact@volleycorpo.fr<\/span><\/p>\n<p>[\/et_pb_text][\/et_pb_column][\/et_pb_row][\/et_pb_section][et_pb_section fb_built=\u00a0\u00bb1&Prime; admin_label=\u00a0\u00bbFooter\u00a0\u00bb _builder_version=\u00a0\u00bb4.27.4&Prime; _module_preset=\u00a0\u00bbdefault\u00a0\u00bb top_divider_style=\u00a0\u00bbclouds2&Prime; top_divider_color=\u00a0\u00bb#000000&Prime; bottom_divider_style=\u00a0\u00bbclouds2&Prime; bottom_divider_color=\u00a0\u00bb#F87400&Prime; da_disable_devices=\u00a0\u00bboff|off|off\u00a0\u00bb saved_tabs=\u00a0\u00bball\u00a0\u00bb locked=\u00a0\u00bboff\u00a0\u00bb global_colors_info=\u00a0\u00bb{}\u00a0\u00bb da_is_popup=\u00a0\u00bboff\u00a0\u00bb da_exit_intent=\u00a0\u00bboff\u00a0\u00bb da_has_close=\u00a0\u00bbon\u00a0\u00bb da_alt_close=\u00a0\u00bboff\u00a0\u00bb da_dark_close=\u00a0\u00bboff\u00a0\u00bb da_not_modal=\u00a0\u00bbon\u00a0\u00bb da_is_singular=\u00a0\u00bboff\u00a0\u00bb da_with_loader=\u00a0\u00bboff\u00a0\u00bb da_has_shadow=\u00a0\u00bbon\u00a0\u00bb][et_pb_row column_structure=\u00a0\u00bb1_2,1_2&Prime; use_custom_gutter=\u00a0\u00bbon\u00a0\u00bb gutter_width=\u00a0\u00bb1&Prime; make_equal=\u00a0\u00bbon\u00a0\u00bb _builder_version=\u00a0\u00bb4.27.4&Prime; _module_preset=\u00a0\u00bbdefault\u00a0\u00bb global_colors_info=\u00a0\u00bb{}\u00a0\u00bb][et_pb_column type=\u00a0\u00bb1_2&Prime; _builder_version=\u00a0\u00bb4.16&Prime; _module_preset=\u00a0\u00bbdefault\u00a0\u00bb custom_padding=\u00a0\u00bb|40px|||false|false\u00a0\u00bb custom_padding_tablet=\u00a0\u00bb|0px|40px||false|false\u00a0\u00bb custom_padding_phone=\u00a0\u00bb\u00a0\u00bb custom_padding_last_edited=\u00a0\u00bbon|phone\u00a0\u00bb global_colors_info=\u00a0\u00bb{}\u00a0\u00bb][et_pb_text _builder_version=\u00a0\u00bb4.27.4&Prime; _module_preset=\u00a0\u00bb7e815e5b-c042-4930-9f47-86f0425bfee6&Prime; header_font=\u00a0\u00bb||||||||\u00a0\u00bb header_4_font=\u00a0\u00bbSyncopate|700||on|||||\u00a0\u00bb header_4_text_color=\u00a0\u00bb#F87400&Prime; header_4_font_size=\u00a0\u00bb24px\u00a0\u00bb header_4_line_height=\u00a0\u00bb1.8em\u00a0\u00bb max_width=\u00a0\u00bb550px\u00a0\u00bb header_4_font_size_tablet=\u00a0\u00bb14px\u00a0\u00bb header_4_font_size_phone=\u00a0\u00bb12px\u00a0\u00bb header_4_font_size_last_edited=\u00a0\u00bbon|desktop\u00a0\u00bb locked=\u00a0\u00bboff\u00a0\u00bb global_colors_info=\u00a0\u00bb{}\u00a0\u00bb]<\/p>\n<h4>mail<\/h4>\n<p>[\/et_pb_text][et_pb_text _builder_version=\u00a0\u00bb4.27.4&Prime; _module_preset=\u00a0\u00bbe86a652b-bf09-4f72-ae7e-837e1e9c4ea7&Prime; text_font=\u00a0\u00bbSyncopate||||||||\u00a0\u00bb text_text_color=\u00a0\u00bb#000000&Prime; text_font_size=\u00a0\u00bb17px\u00a0\u00bb text_line_height=\u00a0\u00bb1.5em\u00a0\u00bb link_text_color=\u00a0\u00bb#000000&Prime; locked=\u00a0\u00bboff\u00a0\u00bb global_colors_info=\u00a0\u00bb{}\u00a0\u00bb]<\/p>\n<p><a href=\"#\">contact@volleycorpo.fr<\/a><\/p>\n<p>[\/et_pb_text][et_pb_text _builder_version=\u00a0\u00bb4.27.4&Prime; _module_preset=\u00a0\u00bb7e815e5b-c042-4930-9f47-86f0425bfee6&Prime; text_font=\u00a0\u00bbSyncopate|700||on|||||\u00a0\u00bb text_text_color=\u00a0\u00bb#000000&Prime; text_font_size=\u00a0\u00bb26px\u00a0\u00bb text_line_height=\u00a0\u00bb1.8em\u00a0\u00bb link_text_color=\u00a0\u00bb#000000&Prime; header_font=\u00a0\u00bb||||||||\u00a0\u00bb header_4_font=\u00a0\u00bbSyncopate|700||on|||||\u00a0\u00bb header_4_text_color=\u00a0\u00bb#06AED5&Prime; header_4_font_size=\u00a0\u00bb24px\u00a0\u00bb header_4_line_height=\u00a0\u00bb1.8em\u00a0\u00bb max_width=\u00a0\u00bb550px\u00a0\u00bb custom_margin=\u00a0\u00bb40px||||false|false\u00a0\u00bb text_font_size_tablet=\u00a0\u00bb20px\u00a0\u00bb text_font_size_phone=\u00a0\u00bb16px\u00a0\u00bb text_font_size_last_edited=\u00a0\u00bbon|phone\u00a0\u00bb header_4_font_size_tablet=\u00a0\u00bb14px\u00a0\u00bb header_4_font_size_phone=\u00a0\u00bb12px\u00a0\u00bb header_4_font_size_last_edited=\u00a0\u00bbon|desktop\u00a0\u00bb locked=\u00a0\u00bboff\u00a0\u00bb global_colors_info=\u00a0\u00bb{}\u00a0\u00bb]<\/p>\n<h4>Adresse<\/h4>\n<p>[\/et_pb_text][et_pb_text _builder_version=\u00a0\u00bb4.27.4&Prime; _module_preset=\u00a0\u00bbe86a652b-bf09-4f72-ae7e-837e1e9c4ea7&Prime; text_font=\u00a0\u00bbSyncopate||||||||\u00a0\u00bb text_text_color=\u00a0\u00bb#000000&Prime; text_font_size=\u00a0\u00bb17px\u00a0\u00bb text_line_height=\u00a0\u00bb1.5em\u00a0\u00bb link_text_color=\u00a0\u00bb#000000&Prime; global_colors_info=\u00a0\u00bb{}\u00a0\u00bb]<\/p>\n<p><span>Narbonne Volley Corpo<br \/>Parc des Sports et de l\u2019Amiti\u00e9 <\/span><\/p>\n<p><span>Avenue Pierre de Coubertin<br \/><\/span><span>11100 \u00a0NARBONNE<\/span><\/p>\n<p>[\/et_pb_text][et_pb_social_media_follow icon_color=\u00a0\u00bb#000000&Prime; _builder_version=\u00a0\u00bb4.27.4&Prime; _module_preset=\u00a0\u00bbdefault\u00a0\u00bb custom_margin=\u00a0\u00bb30px|||-10px|false|false\u00a0\u00bb global_colors_info=\u00a0\u00bb{}\u00a0\u00bb][et_pb_social_media_follow_network social_network=\u00a0\u00bbfacebook\u00a0\u00bb _builder_version=\u00a0\u00bb4.16&Prime; _module_preset=\u00a0\u00bbdefault\u00a0\u00bb background_enable_color=\u00a0\u00bboff\u00a0\u00bb global_colors_info=\u00a0\u00bb{}\u00a0\u00bb follow_button=\u00a0\u00bboff\u00a0\u00bb url_new_window=\u00a0\u00bbon\u00a0\u00bb]facebook[\/et_pb_social_media_follow_network][et_pb_social_media_follow_network social_network=\u00a0\u00bbtwitter\u00a0\u00bb _builder_version=\u00a0\u00bb4.16&Prime; _module_preset=\u00a0\u00bbdefault\u00a0\u00bb background_enable_color=\u00a0\u00bboff\u00a0\u00bb global_colors_info=\u00a0\u00bb{}\u00a0\u00bb follow_button=\u00a0\u00bboff\u00a0\u00bb url_new_window=\u00a0\u00bbon\u00a0\u00bb]twitter[\/et_pb_social_media_follow_network][et_pb_social_media_follow_network social_network=\u00a0\u00bbinstagram\u00a0\u00bb _builder_version=\u00a0\u00bb4.16&Prime; _module_preset=\u00a0\u00bbdefault\u00a0\u00bb background_color=\u00a0\u00bb#ea2c59&Prime; background_enable_color=\u00a0\u00bboff\u00a0\u00bb global_colors_info=\u00a0\u00bb{}\u00a0\u00bb follow_button=\u00a0\u00bboff\u00a0\u00bb url_new_window=\u00a0\u00bbon\u00a0\u00bb]instagram[\/et_pb_social_media_follow_network][et_pb_social_media_follow_network social_network=\u00a0\u00bbyoutube\u00a0\u00bb _builder_version=\u00a0\u00bb4.16&Prime; _module_preset=\u00a0\u00bbdefault\u00a0\u00bb background_color=\u00a0\u00bb#a82400&Prime; background_enable_color=\u00a0\u00bboff\u00a0\u00bb global_colors_info=\u00a0\u00bb{}\u00a0\u00bb follow_button=\u00a0\u00bboff\u00a0\u00bb url_new_window=\u00a0\u00bbon\u00a0\u00bb]youtube[\/et_pb_social_media_follow_network][\/et_pb_social_media_follow][\/et_pb_column][et_pb_column type=\u00a0\u00bb1_2&Prime; _builder_version=\u00a0\u00bb4.27.4&Prime; _module_preset=\u00a0\u00bbdefault\u00a0\u00bb background_color=\u00a0\u00bb#F87400&Prime; custom_padding=\u00a0\u00bb50px|50px|50px|50px|true|true\u00a0\u00bb custom_padding_tablet=\u00a0\u00bb\u00a0\u00bb custom_padding_phone=\u00a0\u00bb20px|20px|20px|20px|true|true\u00a0\u00bb custom_padding_last_edited=\u00a0\u00bbon|phone\u00a0\u00bb border_radii=\u00a0\u00bbon|7px|7px|7px|7px\u00a0\u00bb global_colors_info=\u00a0\u00bb{%22gcid-5fba0126-308f-4f42-aa94-6c5d80831bca%22:%91%93}\u00a0\u00bb][et_pb_contact_form email=\u00a0\u00bbcontact@volleycorpo.fr\u00a0\u00bb _builder_version=\u00a0\u00bb4.27.4&Prime; _module_preset=\u00a0\u00bbdefault\u00a0\u00bb _unique_id=\u00a0\u00bb2d9ff2c3-37d9-45cb-8cef-2f5412fc608b\u00a0\u00bb title_text_color=\u00a0\u00bb#000000&Prime; captcha_text_color=\u00a0\u00bb#000000&Prime; custom_button=\u00a0\u00bbon\u00a0\u00bb button_text_color=\u00a0\u00bb#000000&Prime; button_bg_color=\u00a0\u00bbRGBA(255,255,255,0)\u00a0\u00bb button_icon_color=\u00a0\u00bb#000000&Prime; border_radii=\u00a0\u00bbon|7px|7px|7px|7px\u00a0\u00bb global_colors_info=\u00a0\u00bb{}\u00a0\u00bb][et_pb_contact_field field_id=\u00a0\u00bbName\u00a0\u00bb field_title=\u00a0\u00bbNom\u00a0\u00bb _builder_version=\u00a0\u00bb4.27.4&Prime; form_field_text_color=\u00a0\u00bb#000000&Prime; global_colors_info=\u00a0\u00bb{}\u00a0\u00bb button_text_size__hover_enabled=\u00a0\u00bboff\u00a0\u00bb button_one_text_size__hover_enabled=\u00a0\u00bboff\u00a0\u00bb button_two_text_size__hover_enabled=\u00a0\u00bboff\u00a0\u00bb button_text_color__hover_enabled=\u00a0\u00bboff\u00a0\u00bb button_one_text_color__hover_enabled=\u00a0\u00bboff\u00a0\u00bb button_two_text_color__hover_enabled=\u00a0\u00bboff\u00a0\u00bb button_border_width__hover_enabled=\u00a0\u00bboff\u00a0\u00bb button_one_border_width__hover_enabled=\u00a0\u00bboff\u00a0\u00bb button_two_border_width__hover_enabled=\u00a0\u00bboff\u00a0\u00bb button_border_color__hover_enabled=\u00a0\u00bboff\u00a0\u00bb button_one_border_color__hover_enabled=\u00a0\u00bboff\u00a0\u00bb button_two_border_color__hover_enabled=\u00a0\u00bboff\u00a0\u00bb button_border_radius__hover_enabled=\u00a0\u00bboff\u00a0\u00bb button_one_border_radius__hover_enabled=\u00a0\u00bboff\u00a0\u00bb button_two_border_radius__hover_enabled=\u00a0\u00bboff\u00a0\u00bb button_letter_spacing__hover_enabled=\u00a0\u00bboff\u00a0\u00bb button_one_letter_spacing__hover_enabled=\u00a0\u00bboff\u00a0\u00bb button_two_letter_spacing__hover_enabled=\u00a0\u00bboff\u00a0\u00bb button_bg_color__hover_enabled=\u00a0\u00bboff\u00a0\u00bb button_one_bg_color__hover_enabled=\u00a0\u00bboff\u00a0\u00bb button_two_bg_color__hover_enabled=\u00a0\u00bboff\u00a0\u00bb][\/et_pb_contact_field][et_pb_contact_field field_id=\u00a0\u00bbEmail\u00a0\u00bb field_title=\u00a0\u00bbAdresse e-mail\u00a0\u00bb field_type=\u00a0\u00bbemail\u00a0\u00bb _builder_version=\u00a0\u00bb4.27.4&Prime; form_field_text_color=\u00a0\u00bb#000000&Prime; global_colors_info=\u00a0\u00bb{}\u00a0\u00bb button_text_size__hover_enabled=\u00a0\u00bboff\u00a0\u00bb button_one_text_size__hover_enabled=\u00a0\u00bboff\u00a0\u00bb button_two_text_size__hover_enabled=\u00a0\u00bboff\u00a0\u00bb button_text_color__hover_enabled=\u00a0\u00bboff\u00a0\u00bb button_one_text_color__hover_enabled=\u00a0\u00bboff\u00a0\u00bb button_two_text_color__hover_enabled=\u00a0\u00bboff\u00a0\u00bb button_border_width__hover_enabled=\u00a0\u00bboff\u00a0\u00bb button_one_border_width__hover_enabled=\u00a0\u00bboff\u00a0\u00bb button_two_border_width__hover_enabled=\u00a0\u00bboff\u00a0\u00bb button_border_color__hover_enabled=\u00a0\u00bboff\u00a0\u00bb button_one_border_color__hover_enabled=\u00a0\u00bboff\u00a0\u00bb button_two_border_color__hover_enabled=\u00a0\u00bboff\u00a0\u00bb button_border_radius__hover_enabled=\u00a0\u00bboff\u00a0\u00bb button_one_border_radius__hover_enabled=\u00a0\u00bboff\u00a0\u00bb button_two_border_radius__hover_enabled=\u00a0\u00bboff\u00a0\u00bb button_letter_spacing__hover_enabled=\u00a0\u00bboff\u00a0\u00bb button_one_letter_spacing__hover_enabled=\u00a0\u00bboff\u00a0\u00bb button_two_letter_spacing__hover_enabled=\u00a0\u00bboff\u00a0\u00bb button_bg_color__hover_enabled=\u00a0\u00bboff\u00a0\u00bb button_one_bg_color__hover_enabled=\u00a0\u00bboff\u00a0\u00bb button_two_bg_color__hover_enabled=\u00a0\u00bboff\u00a0\u00bb][\/et_pb_contact_field][et_pb_contact_field field_id=\u00a0\u00bbMessage\u00a0\u00bb field_title=\u00a0\u00bbMessage\u00a0\u00bb field_type=\u00a0\u00bbtext\u00a0\u00bb fullwidth_field=\u00a0\u00bbon\u00a0\u00bb _builder_version=\u00a0\u00bb4.27.4&Prime; form_field_text_color=\u00a0\u00bb#000000&Prime; global_colors_info=\u00a0\u00bb{}\u00a0\u00bb button_text_size__hover_enabled=\u00a0\u00bboff\u00a0\u00bb button_one_text_size__hover_enabled=\u00a0\u00bboff\u00a0\u00bb button_two_text_size__hover_enabled=\u00a0\u00bboff\u00a0\u00bb button_text_color__hover_enabled=\u00a0\u00bboff\u00a0\u00bb button_one_text_color__hover_enabled=\u00a0\u00bboff\u00a0\u00bb button_two_text_color__hover_enabled=\u00a0\u00bboff\u00a0\u00bb button_border_width__hover_enabled=\u00a0\u00bboff\u00a0\u00bb button_one_border_width__hover_enabled=\u00a0\u00bboff\u00a0\u00bb button_two_border_width__hover_enabled=\u00a0\u00bboff\u00a0\u00bb button_border_color__hover_enabled=\u00a0\u00bboff\u00a0\u00bb button_one_border_color__hover_enabled=\u00a0\u00bboff\u00a0\u00bb button_two_border_color__hover_enabled=\u00a0\u00bboff\u00a0\u00bb button_border_radius__hover_enabled=\u00a0\u00bboff\u00a0\u00bb button_one_border_radius__hover_enabled=\u00a0\u00bboff\u00a0\u00bb button_two_border_radius__hover_enabled=\u00a0\u00bboff\u00a0\u00bb button_letter_spacing__hover_enabled=\u00a0\u00bboff\u00a0\u00bb button_one_letter_spacing__hover_enabled=\u00a0\u00bboff\u00a0\u00bb button_two_letter_spacing__hover_enabled=\u00a0\u00bboff\u00a0\u00bb button_bg_color__hover_enabled=\u00a0\u00bboff\u00a0\u00bb button_one_bg_color__hover_enabled=\u00a0\u00bboff\u00a0\u00bb button_two_bg_color__hover_enabled=\u00a0\u00bboff\u00a0\u00bb][\/et_pb_contact_field][\/et_pb_contact_form][\/et_pb_column][\/et_pb_row][\/et_pb_section]<\/p>\n","protected":false},"excerpt":{"rendered":"<p>R\u00e9glement du tournoi1 \u2013 Qualification des \u00e9quipes et des joueurs Avant le d\u00e9but du tournoi, chaque \u00e9quipe aura fourni: \u2022une liste minimale de huit personnes(*) susceptibles de prendre part \u00e0 la comp\u00e9tition (nom, pr\u00e9nom, date et lieu de naissance.\u2022une cotisation de 120 euros par ch\u00e8que, \u00e0 l\u2019ordre de \u00ab\u00a0Narbonne Volley Corpo\u00a0\u00bb (inscription de l\u2019\u00e9quipe et [&hellip;]<\/p>\n","protected":false},"author":1,"featured_media":0,"parent":0,"menu_order":0,"comment_status":"closed","ping_status":"closed","template":"","meta":{"_et_pb_use_builder":"on","_et_pb_old_content":"","_et_gb_content_width":"","footnotes":""},"class_list":["post-374","page","type-page","status-publish","hentry"],"_links":{"self":[{"href":"https:\/\/volleycorpo.fr\/index.php\/wp-json\/wp\/v2\/pages\/374","targetHints":{"allow":["GET"]}}],"collection":[{"href":"https:\/\/volleycorpo.fr\/index.php\/wp-json\/wp\/v2\/pages"}],"about":[{"href":"https:\/\/volleycorpo.fr\/index.php\/wp-json\/wp\/v2\/types\/page"}],"author":[{"embeddable":true,"href":"https:\/\/volleycorpo.fr\/index.php\/wp-json\/wp\/v2\/users\/1"}],"replies":[{"embeddable":true,"href":"https:\/\/volleycorpo.fr\/index.php\/wp-json\/wp\/v2\/comments?post=374"}],"version-history":[{"count":9,"href":"https:\/\/volleycorpo.fr\/index.php\/wp-json\/wp\/v2\/pages\/374\/revisions"}],"predecessor-version":[{"id":520,"href":"https:\/\/volleycorpo.fr\/index.php\/wp-json\/wp\/v2\/pages\/374\/revisions\/520"}],"wp:attachment":[{"href":"https:\/\/volleycorpo.fr\/index.php\/wp-json\/wp\/v2\/media?parent=374"}],"curies":[{"name":"wp","href":"https:\/\/api.w.org\/{rel}","templated":true}]}}