{"id":229,"date":"2025-08-26T12:17:04","date_gmt":"2025-08-26T12:17:04","guid":{"rendered":"http:\/\/volleycorpo.fr\/?page_id=229"},"modified":"2025-08-26T12:25:13","modified_gmt":"2025-08-26T12:25:13","slug":"229-2","status":"publish","type":"page","link":"http:\/\/volleycorpo.fr\/index.php\/229-2\/","title":{"rendered":"Info"},"content":{"rendered":"\n<div class=\"wp-block-cover is-light\"><img loading=\"lazy\" decoding=\"async\" width=\"1024\" height=\"1024\" class=\"wp-block-cover__image-background wp-image-208 size-full\" alt=\"\" src=\"http:\/\/volleycorpo.fr\/wp-content\/uploads\/2025\/08\/ChatGPT-Image-23-aout-2025-a-22_06_37-1.png\" data-object-fit=\"cover\" srcset=\"http:\/\/volleycorpo.fr\/wp-content\/uploads\/2025\/08\/ChatGPT-Image-23-aout-2025-a-22_06_37-1.png 1024w, http:\/\/volleycorpo.fr\/wp-content\/uploads\/2025\/08\/ChatGPT-Image-23-aout-2025-a-22_06_37-1-300x300.png 300w, http:\/\/volleycorpo.fr\/wp-content\/uploads\/2025\/08\/ChatGPT-Image-23-aout-2025-a-22_06_37-1-150x150.png 150w, http:\/\/volleycorpo.fr\/wp-content\/uploads\/2025\/08\/ChatGPT-Image-23-aout-2025-a-22_06_37-1-768x768.png 768w\" sizes=\"(max-width: 1024px) 100vw, 1024px\" \/><span aria-hidden=\"true\" class=\"wp-block-cover__background has-background-dim\" style=\"background-color:#ffc222\"><\/span><div class=\"wp-block-cover__inner-container is-layout-constrained wp-block-cover-is-layout-constrained\">\n<div class=\"wp-block-columns is-layout-flex wp-container-core-columns-is-layout-9d6595d7 wp-block-columns-is-layout-flex\">\n<div class=\"wp-block-column is-layout-flow wp-block-column-is-layout-flow\" style=\"flex-basis:66.66%\">\n<h1 class=\"wp-block-heading has-text-align-left has-nv-text-dark-bg-color has-text-color\">Le plus gros corpo volley de France<\/h1>\n\n\n\n<p class=\"has-text-align-left has-nv-text-dark-bg-color has-text-color\" style=\"font-size:17px\"><strong>Bienvenue \u00e0 l\u2019Association de Volley Corpo de Narbonne !<\/strong><\/p>\n\n\n\n<p>Sous la direction de Jeff, notre association r\u00e9unit chaque saison plus de&nbsp;<strong>600 joueuses et joueurs passionn\u00e9s<\/strong>&nbsp;autour d\u2019une aventure sportive et conviviale.<\/p>\n\n\n\n<p>Nous proposons deux championnats :<\/p>\n\n\n\n<ul class=\"wp-block-list\">\n<li><strong>Un championnat mixte<\/strong>, pour partager la passion du volley dans une ambiance chaleureuse,<\/li>\n\n\n\n<li><strong>Un championnat f\u00e9minin<\/strong>, pour mettre en valeur le talent et l\u2019\u00e9nergie de nos joueuses.<\/li>\n<\/ul>\n\n\n\n<p>De&nbsp;<strong>octobre \u00e0 juin<\/strong>, hors vacances scolaires, les terrains s\u2019animent&nbsp;<strong>chaque soir de la semaine<\/strong>&nbsp;pour offrir des rencontres intenses, des moments de convivialit\u00e9 et une belle dose de sport collectif.<\/p>\n\n\n\n<p class=\"has-text-align-left has-nv-text-dark-bg-color has-text-color\" style=\"font-size:17px\">Et parce qu\u2019une saison sans f\u00eate ne serait pas compl\u00e8te, nous cl\u00f4turons toujours l\u2019ann\u00e9e avec notre&nbsp;<strong>traditionnelle soir\u00e9e de fin de saison<\/strong>, un moment fort qui rassemble toute la grande famille du volley Corpo Narbonnais.<\/p>\n<\/div>\n\n\n\n<div class=\"wp-block-column is-layout-flow wp-block-column-is-layout-flow\" style=\"flex-basis:33.33%\">\n<figure class=\"wp-block-image size-large\"><img loading=\"lazy\" decoding=\"async\" width=\"716\" height=\"1024\" src=\"http:\/\/volleycorpo.fr\/wp-content\/uploads\/2025\/08\/jeffBig2-716x1024.png\" alt=\"\" class=\"wp-image-221\" srcset=\"http:\/\/volleycorpo.fr\/wp-content\/uploads\/2025\/08\/jeffBig2-716x1024.png 716w, http:\/\/volleycorpo.fr\/wp-content\/uploads\/2025\/08\/jeffBig2-210x300.png 210w, http:\/\/volleycorpo.fr\/wp-content\/uploads\/2025\/08\/jeffBig2-768x1098.png 768w, http:\/\/volleycorpo.fr\/wp-content\/uploads\/2025\/08\/jeffBig2.png 1020w\" sizes=\"(max-width: 716px) 100vw, 716px\" \/><\/figure>\n<\/div>\n<\/div>\n<\/div><\/div>\n\n\n\n<div style=\"height:100px\" aria-hidden=\"true\" class=\"wp-block-spacer\"><\/div>\n\n\n\n<div class=\"wp-block-columns is-layout-flex wp-container-core-columns-is-layout-9d6595d7 wp-block-columns-is-layout-flex\">\n<div class=\"wp-block-column neve-duotone is-layout-flow wp-block-column-is-layout-flow\" style=\"padding-right:var(--wp--preset--spacing--30);padding-left:var(--wp--preset--spacing--30)\">\n<div class=\"wp-block-font-awesome-icon wp-font-awesome-icon has-nv-text-dark-bg-background-color has-background\" style=\"display:flex;justify-content:center\"><svg aria-hidden=\"true\" focusable=\"false\" data-prefix=\"fas\" data-icon=\"venus-mars\" class=\"svg-inline--fa fa-venus-mars \" role=\"img\" xmlns=\"http:\/\/www.w3.org\/2000\/svg\" viewBox=\"0 0 640 512\" style=\"font-size:2.5em\" color=\"#f7af61\"><path fill=\"currentColor\" d=\"M480-64c-17.7 0-32 14.3-32 32S462.3 0 480 0L530.7 0 474 56.7c-26.3-15.7-57.1-24.7-90-24.7-35.4 0-68.4 10.5-96 28.5-27.6-18-60.6-28.5-96-28.5-97.2 0-176 78.8-176 176 0 86.3 62.1 158.1 144 173.1l0 34.9-32 0c-17.7 0-32 14.3-32 32s14.3 32 32 32l32 0 0 32c0 17.7 14.3 32 32 32s32-14.3 32-32l0-32 32 0c17.7 0 32-14.3 32-32s-14.3-32-32-32l-32 0 0-34.9c23.3-4.3 44.9-13.1 64-25.6 27.6 18 60.6 28.5 96 28.5 97.2 0 176-78.8 176-176 0-41.1-14.1-79-37.8-109L576 45.3 576 96c0 17.7 14.3 32 32 32s32-14.3 32-32l0-128c0-17.7-14.3-32-32-32L480-64zM336 309.2c20.2-28.6 32-63.5 32-101.2s-11.8-72.6-32-101.2c14.6-6.9 30.8-10.8 48-10.8 61.9 0 112 50.1 112 112S445.9 320 384 320c-17.2 0-33.5-3.9-48-10.8zM288 150.3c10.2 16.9 16 36.6 16 57.7s-5.8 40.9-16 57.7c-10.2-16.9-16-36.6-16-57.7s5.8-40.9 16-57.7zm-48-43.5c-20.2 28.6-32 63.5-32 101.2s11.8 72.6 32 101.2c-14.5 6.9-30.8 10.8-48 10.8-61.9 0-112-50.1-112-112S130.1 96 192 96c17.2 0 33.5 3.9 48 10.8z\"><\/path><\/svg><\/div>\n\n\n\n<div style=\"height:16px\" aria-hidden=\"true\" class=\"wp-block-spacer\"><\/div>\n\n\n\n<h3 class=\"wp-block-heading has-text-align-center has-neve-text-color-color has-text-color\">Un championnat mixte<\/h3>\n\n\n\n<p class=\"has-text-align-center\">explication championnat <\/p>\n\n\n\n<div style=\"height:20px\" aria-hidden=\"true\" class=\"wp-block-spacer\"><\/div>\n<\/div>\n\n\n\n<div class=\"wp-block-column is-layout-flow wp-block-column-is-layout-flow\" style=\"padding-right:var(--wp--preset--spacing--30);padding-left:var(--wp--preset--spacing--30)\">\n<div class=\"wp-block-font-awesome-icon wp-font-awesome-icon\" style=\"display:flex;justify-content:center\"><svg aria-hidden=\"true\" focusable=\"false\" data-prefix=\"fas\" data-icon=\"venus\" class=\"svg-inline--fa fa-venus \" role=\"img\" xmlns=\"http:\/\/www.w3.org\/2000\/svg\" viewBox=\"0 0 384 512\" style=\"font-size:2.5em\" color=\"#f7af61\"><path fill=\"currentColor\" d=\"M80 176a112 112 0 1 1 224 0 112 112 0 1 1 -224 0zM223.9 349.1C305.9 334.1 368 262.3 368 176 368 78.8 289.2 0 192 0S16 78.8 16 176c0 86.3 62.1 158.1 144.1 173.1-.1 1-.1 1.9-.1 2.9l0 64-32 0c-17.7 0-32 14.3-32 32s14.3 32 32 32l32 0 0 32c0 17.7 14.3 32 32 32s32-14.3 32-32l0-32 32 0c17.7 0 32-14.3 32-32s-14.3-32-32-32l-32 0 0-64c0-1 0-1.9-.1-2.9z\"><\/path><\/svg><\/div>\n\n\n\n<div style=\"height:16px\" aria-hidden=\"true\" class=\"wp-block-spacer\"><\/div>\n\n\n\n<h3 class=\"wp-block-heading has-text-align-center has-neve-text-color-color has-text-color\">Un championnat f\u00e9minin<\/h3>\n\n\n\n<p class=\"has-text-align-center\">Sollicitudin ipsum sit amet elit do sed eiusmod tempor.<\/p>\n\n\n\n<div style=\"height:20px\" aria-hidden=\"true\" class=\"wp-block-spacer\"><\/div>\n<\/div>\n\n\n\n<div class=\"wp-block-column is-layout-flow wp-block-column-is-layout-flow\" style=\"padding-right:var(--wp--preset--spacing--30);padding-left:var(--wp--preset--spacing--30)\">\n<div class=\"wp-block-font-awesome-icon wp-font-awesome-icon\" style=\"display:flex;justify-content:center\"><svg aria-hidden=\"true\" focusable=\"false\" data-prefix=\"fas\" data-icon=\"ban\" class=\"svg-inline--fa fa-ban \" role=\"img\" xmlns=\"http:\/\/www.w3.org\/2000\/svg\" viewBox=\"0 0 512 512\" style=\"font-size:2.5em\" color=\"#f7af61\"><path fill=\"currentColor\" d=\"M367.2 412.5L99.5 144.8c-22.4 31.4-35.5 69.8-35.5 111.2 0 106 86 192 192 192 41.5 0 79.9-13.1 111.2-35.5zm45.3-45.3c22.4-31.4 35.5-69.8 35.5-111.2 0-106-86-192-192-192-41.5 0-79.9 13.1-111.2 35.5L412.5 367.2zM0 256a256 256 0 1 1 512 0 256 256 0 1 1 -512 0z\"><\/path><\/svg><\/div>\n\n\n\n<div style=\"height:16px\" aria-hidden=\"true\" class=\"wp-block-spacer\"><\/div>\n\n\n\n<h3 class=\"wp-block-heading has-text-align-center has-neve-text-color-color has-text-color\">Pas de match pendant les vacances<\/h3>\n\n\n\n<p class=\"has-text-align-center\">Faucibus dolor sit amet do, consectetur adipiscing.<\/p>\n\n\n\n<div style=\"height:20px\" aria-hidden=\"true\" class=\"wp-block-spacer\"><\/div>\n<\/div>\n\n\n\n<div class=\"wp-block-column is-layout-flow wp-block-column-is-layout-flow\" style=\"padding-right:var(--wp--preset--spacing--30);padding-left:var(--wp--preset--spacing--30)\">\n<div class=\"wp-block-font-awesome-icon wp-font-awesome-icon\" style=\"display:flex;justify-content:center\"><svg aria-hidden=\"true\" focusable=\"false\" data-prefix=\"fas\" data-icon=\"calendar-days\" class=\"svg-inline--fa fa-calendar-days \" role=\"img\" xmlns=\"http:\/\/www.w3.org\/2000\/svg\" viewBox=\"0 0 448 512\" style=\"font-size:2.5em\" color=\"#f7af61\"><path fill=\"currentColor\" d=\"M128 0c17.7 0 32 14.3 32 32l0 32 128 0 0-32c0-17.7 14.3-32 32-32s32 14.3 32 32l0 32 32 0c35.3 0 64 28.7 64 64l0 288c0 35.3-28.7 64-64 64L64 480c-35.3 0-64-28.7-64-64L0 128C0 92.7 28.7 64 64 64l32 0 0-32c0-17.7 14.3-32 32-32zM64 240l0 32c0 8.8 7.2 16 16 16l32 0c8.8 0 16-7.2 16-16l0-32c0-8.8-7.2-16-16-16l-32 0c-8.8 0-16 7.2-16 16zm128 0l0 32c0 8.8 7.2 16 16 16l32 0c8.8 0 16-7.2 16-16l0-32c0-8.8-7.2-16-16-16l-32 0c-8.8 0-16 7.2-16 16zm144-16c-8.8 0-16 7.2-16 16l0 32c0 8.8 7.2 16 16 16l32 0c8.8 0 16-7.2 16-16l0-32c0-8.8-7.2-16-16-16l-32 0zM64 368l0 32c0 8.8 7.2 16 16 16l32 0c8.8 0 16-7.2 16-16l0-32c0-8.8-7.2-16-16-16l-32 0c-8.8 0-16 7.2-16 16zm144-16c-8.8 0-16 7.2-16 16l0 32c0 8.8 7.2 16 16 16l32 0c8.8 0 16-7.2 16-16l0-32c0-8.8-7.2-16-16-16l-32 0zm112 16l0 32c0 8.8 7.2 16 16 16l32 0c8.8 0 16-7.2 16-16l0-32c0-8.8-7.2-16-16-16l-32 0c-8.8 0-16 7.2-16 16z\"><\/path><\/svg><\/div>\n\n\n\n<div style=\"height:16px\" aria-hidden=\"true\" class=\"wp-block-spacer\"><\/div>\n\n\n\n<h3 class=\"wp-block-heading has-text-align-center has-neve-text-color-color has-text-color\">Deux cr\u00e9neaux de match<\/h3>\n\n\n\n<p class=\"has-text-align-center\">Interdum dolor sit amet elit do sed eiusmod tempor.<\/p>\n\n\n\n<div style=\"height:20px\" aria-hidden=\"true\" class=\"wp-block-spacer\"><\/div>\n<\/div>\n<\/div>\n\n\n\n<div class=\"wp-block-cover alignfull has-nv-text-dark-bg-color has-text-color has-link-color wp-elements-bb001efda8dfebea6d5a38cabce42551\" style=\"min-height:420px;aspect-ratio:unset;\"><span aria-hidden=\"true\" class=\"wp-block-cover__background has-nv-dark-bg-background-color has-background-dim-100 has-background-dim\"><\/span><div class=\"wp-block-cover__inner-container is-layout-flow wp-block-cover-is-layout-flow\">\n<div style=\"height:80px\" aria-hidden=\"true\" class=\"wp-block-spacer\"><\/div>\n\n\n\n<div class=\"wp-block-columns is-layout-flex wp-container-core-columns-is-layout-9d6595d7 wp-block-columns-is-layout-flex\">\n<div class=\"wp-block-column ticss-4ce656f1 is-layout-flow wp-block-column-is-layout-flow\">\n<figure class=\"wp-block-image aligncenter size-full is-resized is-style-rounded\"><img loading=\"lazy\" decoding=\"async\" width=\"80\" height=\"80\" src=\"http:\/\/volleycorpo.fr\/wp-content\/uploads\/2025\/08\/jeff.png\" alt=\"\" class=\"wp-image-214\" style=\"width:80px;height:80px\"\/><\/figure>\n\n\n\n<div style=\"height:24px\" aria-hidden=\"true\" class=\"wp-block-spacer\"><\/div>\n\n\n\n<p class=\"has-text-align-center has-nv-text-dark-bg-color has-text-color has-link-color wp-elements-7766d943e1f8ee115df5a3c8f1f5e0cf\">\u201cJeff un message\u201c<\/p>\n\n\n\n<p class=\"has-text-align-center has-nv-text-dark-bg-color has-text-color has-small-font-size\" style=\"text-transform:uppercase\"><strong>Jeff<\/strong><\/p>\n\n\n\n<div style=\"height:20px\" aria-hidden=\"true\" class=\"wp-block-spacer\"><\/div>\n<\/div>\n\n\n\n<div class=\"wp-block-column ticss-f6fc7494 is-layout-flow wp-block-column-is-layout-flow\">\n<figure class=\"wp-block-image aligncenter size-full is-resized is-style-rounded\"><img loading=\"lazy\" decoding=\"async\" width=\"80\" height=\"80\" src=\"http:\/\/volleycorpo.fr\/wp-content\/uploads\/2025\/08\/deve.png\" alt=\"\" class=\"wp-image-213\" style=\"width:80px;height:80px\"\/><\/figure>\n\n\n\n<div style=\"height:24px\" aria-hidden=\"true\" class=\"wp-block-spacer\"><\/div>\n\n\n\n<p class=\"has-text-align-center has-nv-text-dark-bg-color has-text-color\">\u201cDave un message ?\u201d<\/p>\n\n\n\n<p class=\"has-text-align-center has-nv-text-dark-bg-color has-text-color has-small-font-size\" style=\"text-transform:uppercase\"><strong>Dave<\/strong><\/p>\n\n\n\n<div style=\"height:20px\" aria-hidden=\"true\" class=\"wp-block-spacer\"><\/div>\n<\/div>\n\n\n\n<div class=\"wp-block-column ticss-a5b4df29 is-layout-flow wp-block-column-is-layout-flow\">\n<figure class=\"wp-block-image aligncenter size-full is-resized is-style-rounded\"><img decoding=\"async\" src=\"http:\/\/volleycorpo.fr\/wp-content\/themes\/neve\/assets\/img\/starter-content\/neve-marketing-agency-02.png\" alt=\"\" style=\"width:80px;height:80px\"\/><\/figure>\n\n\n\n<div style=\"height:24px\" aria-hidden=\"true\" class=\"wp-block-spacer\"><\/div>\n\n\n\n<p class=\"has-text-align-center has-nv-text-dark-bg-color has-text-color\">\u201cChristophe ???\u201d<\/p>\n\n\n\n<p class=\"has-text-align-center has-nv-text-dark-bg-color has-text-color has-small-font-size\" style=\"text-transform:uppercase\"><strong>Christophe <\/strong><\/p>\n\n\n\n<div style=\"height:20px\" aria-hidden=\"true\" class=\"wp-block-spacer\"><\/div>\n<\/div>\n<\/div>\n\n\n\n<div style=\"height:0px\" aria-hidden=\"true\" class=\"wp-block-spacer\"><\/div>\n<\/div><\/div>\n\n\n\n<div class=\"wp-block-cover alignfull\" style=\"min-height:300px;aspect-ratio:unset;\"><span aria-hidden=\"true\" class=\"wp-block-cover__background has-neve-link-color-background-color has-background-dim-100 has-background-dim\"><\/span><div class=\"wp-block-cover__inner-container is-layout-flow wp-block-cover-is-layout-flow\">\n<div style=\"height:140px\" aria-hidden=\"true\" class=\"wp-block-spacer\"><\/div>\n\n\n\n<div class=\"wp-block-columns is-layout-flex wp-container-core-columns-is-layout-9d6595d7 wp-block-columns-is-layout-flex\">\n<div class=\"wp-block-column is-layout-flow wp-block-column-is-layout-flow\" style=\"flex-basis:20%\"><\/div>\n\n\n\n<div class=\"wp-block-column is-layout-flow wp-block-column-is-layout-flow\" style=\"flex-basis:60%\">\n<div class=\"wp-block-group is-layout-constrained wp-block-group-is-layout-constrained\">\n<h2 class=\"wp-block-heading has-text-align-center has-nv-text-dark-bg-color has-text-color\">A bient\u00f4t sur nos terrains<\/h2>\n\n\n\n<p class=\"has-text-align-center has-nv-text-dark-bg-color has-text-color has-link-color wp-elements-437524f22ca676384a702686ff01f285\">Lorem ipsum dolor sit amet, consectetur adipiscing elit. Ut elit tellus, luctus <br>nec ullamcorper mattis, pulvinar dapibus leo.<\/p>\n\n\n\n<div class=\"wp-block-buttons is-horizontal is-content-justification-center is-layout-flex wp-container-core-buttons-is-layout-499968f5 wp-block-buttons-is-layout-flex\"><\/div>\n<\/div>\n<\/div>\n\n\n\n<div class=\"wp-block-column is-layout-flow wp-block-column-is-layout-flow\" style=\"flex-basis:20%\"><\/div>\n<\/div>\n\n\n\n<div style=\"height:140px\" aria-hidden=\"true\" class=\"wp-block-spacer\"><\/div>\n<\/div><\/div>\n","protected":false},"excerpt":{"rendered":"<p>Un championnat mixte explication championnat Un championnat f\u00e9minin Sollicitudin ipsum sit amet elit do sed eiusmod tempor. Pas de match pendant les vacances Faucibus dolor sit amet do, consectetur adipiscing. Deux cr\u00e9neaux de match Interdum dolor sit amet elit do sed eiusmod tempor.<\/p>\n","protected":false},"author":1,"featured_media":0,"parent":0,"menu_order":0,"comment_status":"closed","ping_status":"closed","template":"","meta":{"_et_pb_use_builder":"","_et_pb_old_content":"","_et_gb_content_width":"","footnotes":""},"class_list":["post-229","page","type-page","status-publish","hentry"],"_links":{"self":[{"href":"http:\/\/volleycorpo.fr\/index.php\/wp-json\/wp\/v2\/pages\/229","targetHints":{"allow":["GET"]}}],"collection":[{"href":"http:\/\/volleycorpo.fr\/index.php\/wp-json\/wp\/v2\/pages"}],"about":[{"href":"http:\/\/volleycorpo.fr\/index.php\/wp-json\/wp\/v2\/types\/page"}],"author":[{"embeddable":true,"href":"http:\/\/volleycorpo.fr\/index.php\/wp-json\/wp\/v2\/users\/1"}],"replies":[{"embeddable":true,"href":"http:\/\/volleycorpo.fr\/index.php\/wp-json\/wp\/v2\/comments?post=229"}],"version-history":[{"count":3,"href":"http:\/\/volleycorpo.fr\/index.php\/wp-json\/wp\/v2\/pages\/229\/revisions"}],"predecessor-version":[{"id":242,"href":"http:\/\/volleycorpo.fr\/index.php\/wp-json\/wp\/v2\/pages\/229\/revisions\/242"}],"wp:attachment":[{"href":"http:\/\/volleycorpo.fr\/index.php\/wp-json\/wp\/v2\/media?parent=229"}],"curies":[{"name":"wp","href":"https:\/\/api.w.org\/{rel}","templated":true}]}}